{"id":15341,"date":"2025-03-11T17:06:04","date_gmt":"2025-03-11T10:06:04","guid":{"rendered":"https:\/\/congnghentm.com\/?post_type=product&#038;p=15341"},"modified":"2025-04-12T10:50:56","modified_gmt":"2025-04-12T03:50:56","slug":"multi-outlet-extension-sockets-ms-4x2pe-4-switches-illuminated-bs-plug-3m-698544","status":"publish","type":"product","link":"https:\/\/congnghentm.com\/multi-outlet-extension-sockets-ms-4x2pe-4-switches-illuminated-bs-plug-3m-698544\/","title":{"rendered":"Multi-Outlet Extension Sockets MS 4X2P+E + 4 switches Illuminated BS plug + 3M  | 698544"},"content":{"rendered":"<h2><\/h2>\n<figure id=\"attachment_15344\" aria-describedby=\"caption-attachment-15344\" style=\"width: 494px\" class=\"wp-caption aligncenter\"><img loading=\"lazy\" decoding=\"async\" class=\" wp-image-15344\" src=\"https:\/\/congnghentm.com\/wp-content\/uploads\/2025\/03\/LG-698544-WEB-L.webp\" alt=\"Multi-Outlet Extension Sockets MS 4X2P+E + 4 switches Illuminated BS plug + 3M - 698544 \" width=\"494\" height=\"494\" srcset=\"https:\/\/congnghentm.com\/wp-content\/uploads\/2025\/03\/LG-698544-WEB-L.webp 600w, https:\/\/congnghentm.com\/wp-content\/uploads\/2025\/03\/LG-698544-WEB-L-300x300.webp 300w, https:\/\/congnghentm.com\/wp-content\/uploads\/2025\/03\/LG-698544-WEB-L-150x150.webp 150w, https:\/\/congnghentm.com\/wp-content\/uploads\/2025\/03\/LG-698544-WEB-L-510x510.webp 510w, https:\/\/congnghentm.com\/wp-content\/uploads\/2025\/03\/LG-698544-WEB-L-100x100.webp 100w\" sizes=\"auto, (max-width: 494px) 100vw, 494px\" \/><figcaption id=\"caption-attachment-15344\" class=\"wp-caption-text\">Multi-Outlet Extension Sockets MS 4X2P+E + 4 switches Illuminated BS plug + 3M &#8211; 698544<\/figcaption><\/figure>\n<h2>M\u00f4 t\u1ea3 s\u1ea3n ph\u1ea9m: Multi-Outlet Extension Sockets MS 4X2P+E + 4 switches Illuminated BS plug + 3M<\/h2>\n<div class=\"mb-4\">\n<ul class=\"pl-3 list-style-disc\">\n<li data-sourcepos=\"3:1-4:105\"><strong>\u0110a \u1ed5 c\u1eafm<\/strong>:\n<ul data-sourcepos=\"4:5-4:105\">\n<li data-sourcepos=\"4:5-4:105\">S\u1ea3n ph\u1ea9m c\u00f3 4 \u1ed5 c\u1eafm 2P+E, ph\u00f9 h\u1ee3p v\u1edbi c\u00e1c thi\u1ebft b\u1ecb \u0111i\u1ec7n gia d\u1ee5ng ti\u00eau chu\u1ea9n.<\/li>\n<\/ul>\n<\/li>\n<li data-sourcepos=\"5:1-6:147\"><strong>C\u00f4ng t\u1eafc ri\u00eang bi\u1ec7t<\/strong>:\n<ul data-sourcepos=\"6:5-6:147\">\n<li data-sourcepos=\"6:5-6:147\">M\u1ed7i \u1ed5 c\u1eafm \u0111\u1ec1u c\u00f3 m\u1ed9t c\u00f4ng t\u1eafc ri\u00eang bi\u1ec7t, c\u00f3 \u0111\u00e8n b\u00e1o s\u00e1ng. Cho ph\u00e9p ng\u01b0\u1eddi d\u00f9ng b\u1eadt\/t\u1eaft t\u1eebng \u1ed5 c\u1eafm m\u1ed9t c\u00e1ch \u0111\u1ed9c l\u1eadp, gi\u00fap ti\u1ebft ki\u1ec7m \u0111i\u1ec7n n\u0103ng.<\/li>\n<\/ul>\n<\/li>\n<li data-sourcepos=\"7:1-8:102\"><strong>Ph\u00edch c\u1eafm BS (British Standard)<\/strong>:\n<ul data-sourcepos=\"8:5-8:102\">\n<li data-sourcepos=\"8:5-8:102\">S\u1ea3n ph\u1ea9m s\u1eed d\u1ee5ng ph\u00edch c\u1eafm theo ti\u00eau chu\u1ea9n Anh Qu\u1ed1c (BS), \u0111\u1ea3m b\u1ea3o tu\u00e2n th\u1ee7 c\u00e1c quy \u0111\u1ecbnh an to\u00e0n.<\/li>\n<\/ul>\n<\/li>\n<li data-sourcepos=\"9:1-10:97\"><strong>D\u00e2y c\u00e1p d\u00e0i 3M<\/strong>:\n<ul data-sourcepos=\"10:5-10:97\">\n<li data-sourcepos=\"10:5-10:97\">D\u00e2y c\u00e1p d\u00e0i 3 m\u00e9t, cung c\u1ea5p s\u1ef1 linh ho\u1ea1t trong vi\u1ec7c \u0111\u1eb7t \u1ed5 c\u1eafm \u1edf nh\u1eefng v\u1ecb tr\u00ed xa ngu\u1ed3n \u0111i\u1ec7n.<\/li>\n<\/ul>\n<\/li>\n<li data-sourcepos=\"11:1-12:53\"><strong>B\u1ea3o v\u1ec7 qu\u00e1 t\u1ea3i<\/strong>:\n<ul data-sourcepos=\"12:5-12:53\">\n<li data-sourcepos=\"12:5-12:53\">C\u00f3 b\u1ea3o v\u1ec7 qu\u00e1 t\u1ea3i b\u1eb1ng c\u1ea7u ch\u00ec trong ph\u00edch c\u1eafm.<\/li>\n<\/ul>\n<\/li>\n<li data-sourcepos=\"13:1-15:25\"><strong>Thi\u1ebft k\u1ebf<\/strong>:\n<ul data-sourcepos=\"14:5-15:25\">\n<li data-sourcepos=\"14:5-14:53\">Thi\u1ebft k\u1ebf cho ph\u00e9p g\u1eafn tr\u00ean t\u01b0\u1eddng, b\u00e0n, s\u00e0n nh\u00e0.<\/li>\n<li data-sourcepos=\"15:5-15:25\">M\u00e0u s\u1eafc: Tr\u1eafng\/X\u00e1m.<\/li>\n<\/ul>\n<\/li>\n<li data-sourcepos=\"16:1-17:55\"><strong>Ti\u00eau chu\u1ea9n an to\u00e0n<\/strong>:\n<ul data-sourcepos=\"17:5-17:55\">\n<li data-sourcepos=\"17:5-17:55\">Tu\u00e2n th\u1ee7 ti\u00eau chu\u1ea9n IEC 60884-1 v\u00e0 IEC 60882-2-7.<\/li>\n<\/ul>\n<\/li>\n<li data-sourcepos=\"18:1-20:0\"><strong>\u1ee8ng d\u1ee5ng<\/strong>:\n<ul data-sourcepos=\"19:5-20:0\">\n<li data-sourcepos=\"19:5-20:0\">Th\u00edch h\u1ee3p s\u1eed d\u1ee5ng trong gia \u0111\u00ecnh, v\u0103n ph\u00f2ng, ho\u1eb7c nh\u1eefng n\u01a1i c\u1ea7n nhi\u1ec1u \u1ed5 c\u1eafm \u0111i\u1ec7n v\u1edbi kh\u1ea3 n\u0103ng ki\u1ec3m so\u00e1t ri\u00eang bi\u1ec7t.<\/li>\n<\/ul>\n<\/li>\n<\/ul>\n<h2>Th\u00f4ng s\u1ed1 k\u1ef9 thu\u1eadt<\/h2>\n<p>Tham kh\u1ea3o m\u1ed9t s\u1ed1 th\u00f4ng s\u1ed1 k\u1ef9 thu\u1eadt c\u01a1 b\u1ea3n c\u1ee7a <strong>Multi-Outlet Extension Sockets MS 4X2P+E + 4 switches Illuminated BS plug + 3M <\/strong>t\u1eeb nh\u00e0 s\u1ea3n xu\u1ea5t trong b\u1ea3ng d\u01b0\u1edbi \u0111\u00e2y:<\/p>\n<p><img loading=\"lazy\" decoding=\"async\" class=\"aligncenter size-full wp-image-15342\" src=\"https:\/\/congnghentm.com\/wp-content\/uploads\/2025\/03\/698544-thong-so.webp\" alt=\"Multi-Outlet Extension Sockets MS 4X2P+E + 4 switches Illuminated BS plug + 3M - 698544\" width=\"499\" height=\"329\" srcset=\"https:\/\/congnghentm.com\/wp-content\/uploads\/2025\/03\/698544-thong-so.webp 499w, https:\/\/congnghentm.com\/wp-content\/uploads\/2025\/03\/698544-thong-so-300x198.webp 300w\" sizes=\"auto, (max-width: 499px) 100vw, 499px\" \/><\/p>\n<p>D\u00f2ng s\u1ea3n ph\u1ea9m:<strong> Multi-Outlet Extension Sockets MS 4X2P+E + 4 switches Illuminated BS plug + 3M\u00a0<\/strong><br \/>\nCh\u1ecbu tr\u00e1ch nhi\u1ec7m b\u1edfi: <a href=\"https:\/\/congnghentm.com\/\"><strong>Gi\u1ea3i Ph\u00e1p C\u00f4ng Ngh\u1ec7 NTM<\/strong><\/a><br \/>\nM\u00e3 S\u1ea3n Ph\u1ea9m:<strong> 698544<\/strong><br \/>\n<span style=\"color: #ed1c24\"><em><strong>CAM K\u1ebeT:<\/strong><\/em><\/span><br \/>\n<span style=\"color: #000000\">\u2013 S\u1ea3n ph\u1ea9m nh\u1eadp kh\u1ea9u ch\u00ednh h\u00e3ng, c\u00f3 \u0111\u1ea7y \u0111\u1ee7 CO\/CQ<\/span><br \/>\n<span style=\"color: #000000\">\u2013 B\u1ea3o h\u00e0nh theo ti\u00eau chu\u1ea9n nh\u00e0 s\u1ea3n xu\u1ea5t<\/span><br \/>\n<span style=\"color: #000000\">\u2013 L\u1ed7i k\u1ef9 thu\u1eadt \u0111\u1ed5i ngay s\u1ea3n ph\u1ea9m m\u1edbi<\/span><br \/>\n<span style=\"color: #000000\">\u2013\u00a0<\/span><span style=\"color: #ed1c24\"><strong>Gi\u00e1 t\u1ed1t h\u01a1n<\/strong><\/span>\u00a0<span style=\"color: #000000\">khi \u0111\u1eb7t h\u00e0ng v\u1edbi s\u1ed1 l\u01b0\u1ee3ng l\u1edbn<\/span><br \/>\n<span style=\"color: #000000\">\u2013<\/span>\u00a0<span style=\"color: #ed1c24\"><strong>V\u1eadn chuy\u1ec3n mi\u1ec5n ph\u00ed<\/strong>\u00a0<\/span><span style=\"color: #000000\">n\u1ed9i th\u00e0nh HCM v\u00e0 HN<\/span><br \/>\n<strong>\ud83d\udcde\u00a0<span style=\"color: #ed1c24\">Vui l\u00f2ng li\u00ean h\u1ec7 tr\u1ef1c ti\u1ebfp v\u1edbi b\u1ed9 ph\u1eadn kinh doanh c\u1ee7a ch\u00fang t\u00f4i \u0111\u1ec3 bi\u1ebft \u0111\u01b0\u1ee3c t\u00ecnh tr\u1ea1ng v\u00e0 \u0111\u01a1n gi\u00e1 s\u1ea3n ph\u1ea9m.<\/span><\/strong><br \/>\n<span style=\"color: #000000\"><em>S\u1ea3n ph\u1ea9m \u0111\u01b0\u1ee3c ph\u00e2n ph\u1ed1i b\u1edfi\u00a0<\/em><a style=\"color: #000000\" href=\"https:\/\/congnghentm.com\/\"><strong><em>C\u00f4ng ty Gi\u1ea3i Ph\u00e1p C\u00f4ng Ngh\u1ec7 NTM<\/em><\/strong><\/a><\/span><\/p>\n<\/div>\n","protected":false},"excerpt":{"rendered":"<ul>\n<li>Ch\u1ea5t li\u1ec7u: <strong>Nh\u1ef1a ch\u1ed1ng ch\u00e1y<\/strong><\/li>\n<li>Th\u01b0\u01a1ng hi\u1ec7u: <a href=\"https:\/\/legrand.vn\/\"><strong>Legrand<\/strong><\/a><\/li>\n<li><span style=\"color: #000000\">M\u00e3 s\u1ea3n ph\u1ea9m:<strong> 698544<\/strong><\/span><\/li>\n<li><span style=\"color: #000000\"><span style=\"vertical-align: inherit\">D\u00f2ng s\u1ea3n ph\u1ea9m: <strong>Multi-Outlet Extension Sockets MS 4X2P+E + 4 switches Illuminated BS plug + 3M\u00a0<\/strong><\/span><\/span><\/li>\n<li><span style=\"color: #000000\">B\u1ea3o h\u00e0nh: <strong>12 th\u00e1ng<\/strong><\/span><\/li>\n<li>Ch\u1ecbu tr\u00e1ch nhi\u1ec7m b\u1edfi: <a href=\"https:\/\/congnghentm.com\/\"><strong>Gi\u1ea3i Ph\u00e1p C\u00f4ng Ngh\u1ec7 NTM<\/strong><\/a><\/li>\n<\/ul>\n","protected":false},"featured_media":15344,"template":"","meta":{"_acf_changed":false},"product_brand":[],"product_cat":[22,111],"product_tag":[2135,228,2136],"class_list":{"0":"post-15341","1":"product","2":"type-product","3":"status-publish","4":"has-post-thumbnail","6":"product_cat-thiet-bi-dien-legrand","7":"product_cat-cong-tac-o-cam-arteor","8":"product_tag-2135","9":"product_tag-giai-phap-cong-nghe-ntm","10":"product_tag-multi-outlet-extension-sockets","12":"first","13":"instock","14":"taxable","15":"shipping-taxable","16":"product-type-simple"},"acf":[],"yoast_head":"<!-- This site is optimized with the Yoast SEO plugin v26.3 - https:\/\/yoast.com\/wordpress\/plugins\/seo\/ -->\n<title>Multi-Outlet Extension Sockets MS 4X2P+E + 4 switches Illuminated BS plug + 3M | 698544 - C\u00f4ng Ngh\u1ec7 NTM<\/title>\n<meta name=\"description\" content=\"Multi-Outlet Extension Sockets BS 4X2P+E + 1 DP + 3M - 698524. S\u1ea3n ph\u1ea9m ch\u00ednh h\u00e3ng ph\u00e2n ph\u1ed1i b\u1edfi Gi\u1ea3i Ph\u00e1p C\u00f4ng Ngh\u1ec7 NTM v\u1edbi th\u01b0\u01a1ng hi\u1ec7u Legrand.\" \/>\n<meta name=\"robots\" content=\"index, follow, max-snippet:-1, max-image-preview:large, max-video-preview:-1\" \/>\n<link rel=\"canonical\" href=\"https:\/\/congnghentm.com\/multi-outlet-extension-sockets-ms-4x2pe-4-switches-illuminated-bs-plug-3m-698544\/\" \/>\n<meta property=\"og:locale\" content=\"en_US\" \/>\n<meta property=\"og:type\" content=\"article\" \/>\n<meta property=\"og:title\" content=\"Multi-Outlet Extension Sockets MS 4X2P+E + 4 switches Illuminated BS plug + 3M | 698544 - C\u00f4ng Ngh\u1ec7 NTM\" \/>\n<meta property=\"og:description\" content=\"Multi-Outlet Extension Sockets BS 4X2P+E + 1 DP + 3M - 698524. S\u1ea3n ph\u1ea9m ch\u00ednh h\u00e3ng ph\u00e2n ph\u1ed1i b\u1edfi Gi\u1ea3i Ph\u00e1p C\u00f4ng Ngh\u1ec7 NTM v\u1edbi th\u01b0\u01a1ng hi\u1ec7u Legrand.\" \/>\n<meta property=\"og:url\" content=\"https:\/\/congnghentm.com\/multi-outlet-extension-sockets-ms-4x2pe-4-switches-illuminated-bs-plug-3m-698544\/\" \/>\n<meta property=\"og:site_name\" content=\"C\u00f4ng Ngh\u1ec7 NTM\" \/>\n<meta property=\"article:publisher\" content=\"https:\/\/www.facebook.com\/195.congnghentm\/\" \/>\n<meta property=\"article:modified_time\" content=\"2025-04-12T03:50:56+00:00\" \/>\n<meta property=\"og:image\" content=\"https:\/\/congnghentm.com\/wp-content\/uploads\/2025\/03\/LG-698544-WEB-L.webp\" \/>\n\t<meta property=\"og:image:width\" content=\"600\" \/>\n\t<meta property=\"og:image:height\" content=\"600\" \/>\n\t<meta property=\"og:image:type\" content=\"image\/webp\" \/>\n<meta name=\"twitter:card\" content=\"summary_large_image\" \/>\n<meta name=\"twitter:label1\" content=\"Est. reading time\" \/>\n\t<meta name=\"twitter:data1\" content=\"3 minutes\" \/>\n<script type=\"application\/ld+json\" class=\"yoast-schema-graph\">{\"@context\":\"https:\/\/schema.org\",\"@graph\":[{\"@type\":\"WebPage\",\"@id\":\"https:\/\/congnghentm.com\/multi-outlet-extension-sockets-ms-4x2pe-4-switches-illuminated-bs-plug-3m-698544\/\",\"url\":\"https:\/\/congnghentm.com\/multi-outlet-extension-sockets-ms-4x2pe-4-switches-illuminated-bs-plug-3m-698544\/\",\"name\":\"Multi-Outlet Extension Sockets MS 4X2P+E + 4 switches Illuminated BS plug + 3M | 698544 - C\u00f4ng Ngh\u1ec7 NTM\",\"isPartOf\":{\"@id\":\"https:\/\/congnghentm.com\/en\/#website\"},\"primaryImageOfPage\":{\"@id\":\"https:\/\/congnghentm.com\/multi-outlet-extension-sockets-ms-4x2pe-4-switches-illuminated-bs-plug-3m-698544\/#primaryimage\"},\"image\":{\"@id\":\"https:\/\/congnghentm.com\/multi-outlet-extension-sockets-ms-4x2pe-4-switches-illuminated-bs-plug-3m-698544\/#primaryimage\"},\"thumbnailUrl\":\"https:\/\/congnghentm.com\/wp-content\/uploads\/2025\/03\/LG-698544-WEB-L.webp\",\"datePublished\":\"2025-03-11T10:06:04+00:00\",\"dateModified\":\"2025-04-12T03:50:56+00:00\",\"description\":\"Multi-Outlet Extension Sockets BS 4X2P+E + 1 DP + 3M - 698524. S\u1ea3n ph\u1ea9m ch\u00ednh h\u00e3ng ph\u00e2n ph\u1ed1i b\u1edfi Gi\u1ea3i Ph\u00e1p C\u00f4ng Ngh\u1ec7 NTM v\u1edbi th\u01b0\u01a1ng hi\u1ec7u Legrand.\",\"breadcrumb\":{\"@id\":\"https:\/\/congnghentm.com\/multi-outlet-extension-sockets-ms-4x2pe-4-switches-illuminated-bs-plug-3m-698544\/#breadcrumb\"},\"inLanguage\":\"en-US\",\"potentialAction\":[{\"@type\":\"ReadAction\",\"target\":[\"https:\/\/congnghentm.com\/multi-outlet-extension-sockets-ms-4x2pe-4-switches-illuminated-bs-plug-3m-698544\/\"]}]},{\"@type\":\"ImageObject\",\"inLanguage\":\"en-US\",\"@id\":\"https:\/\/congnghentm.com\/multi-outlet-extension-sockets-ms-4x2pe-4-switches-illuminated-bs-plug-3m-698544\/#primaryimage\",\"url\":\"https:\/\/congnghentm.com\/wp-content\/uploads\/2025\/03\/LG-698544-WEB-L.webp\",\"contentUrl\":\"https:\/\/congnghentm.com\/wp-content\/uploads\/2025\/03\/LG-698544-WEB-L.webp\",\"width\":600,\"height\":600,\"caption\":\"Multi-Outlet Extension Sockets MS 4X2P+E + 4 switches Illuminated BS plug + 3M - 698544\"},{\"@type\":\"BreadcrumbList\",\"@id\":\"https:\/\/congnghentm.com\/multi-outlet-extension-sockets-ms-4x2pe-4-switches-illuminated-bs-plug-3m-698544\/#breadcrumb\",\"itemListElement\":[{\"@type\":\"ListItem\",\"position\":1,\"name\":\"Trang ch\u1ee7\",\"item\":\"https:\/\/congnghentm.com\/en\/\"},{\"@type\":\"ListItem\",\"position\":2,\"name\":\"S\u1ea3n ph\u1ea9m\",\"item\":\"https:\/\/congnghentm.com\/san-pham\/\"},{\"@type\":\"ListItem\",\"position\":3,\"name\":\"Multi-Outlet Extension Sockets MS 4X2P+E + 4 switches Illuminated BS plug + 3M | 698544\"}]},{\"@type\":\"WebSite\",\"@id\":\"https:\/\/congnghentm.com\/en\/#website\",\"url\":\"https:\/\/congnghentm.com\/en\/\",\"name\":\"C\u00f4ng Ngh\u1ec7 NTM\",\"description\":\"Nh\u1eadp Kh\u1ea9u Thi\u1ebft B\u1ecb C\u01a1 \u0110i\u1ec7n\",\"potentialAction\":[{\"@type\":\"SearchAction\",\"target\":{\"@type\":\"EntryPoint\",\"urlTemplate\":\"https:\/\/congnghentm.com\/en\/?s={search_term_string}\"},\"query-input\":{\"@type\":\"PropertyValueSpecification\",\"valueRequired\":true,\"valueName\":\"search_term_string\"}}],\"inLanguage\":\"en-US\"}]}<\/script>\n<!-- \/ Yoast SEO plugin. -->","yoast_head_json":{"title":"Multi-Outlet Extension Sockets MS 4X2P+E + 4 switches Illuminated BS plug + 3M | 698544 - C\u00f4ng Ngh\u1ec7 NTM","description":"Multi-Outlet Extension Sockets BS 4X2P+E + 1 DP + 3M - 698524. S\u1ea3n ph\u1ea9m ch\u00ednh h\u00e3ng ph\u00e2n ph\u1ed1i b\u1edfi Gi\u1ea3i Ph\u00e1p C\u00f4ng Ngh\u1ec7 NTM v\u1edbi th\u01b0\u01a1ng hi\u1ec7u Legrand.","robots":{"index":"index","follow":"follow","max-snippet":"max-snippet:-1","max-image-preview":"max-image-preview:large","max-video-preview":"max-video-preview:-1"},"canonical":"https:\/\/congnghentm.com\/multi-outlet-extension-sockets-ms-4x2pe-4-switches-illuminated-bs-plug-3m-698544\/","og_locale":"en_US","og_type":"article","og_title":"Multi-Outlet Extension Sockets MS 4X2P+E + 4 switches Illuminated BS plug + 3M | 698544 - C\u00f4ng Ngh\u1ec7 NTM","og_description":"Multi-Outlet Extension Sockets BS 4X2P+E + 1 DP + 3M - 698524. S\u1ea3n ph\u1ea9m ch\u00ednh h\u00e3ng ph\u00e2n ph\u1ed1i b\u1edfi Gi\u1ea3i Ph\u00e1p C\u00f4ng Ngh\u1ec7 NTM v\u1edbi th\u01b0\u01a1ng hi\u1ec7u Legrand.","og_url":"https:\/\/congnghentm.com\/multi-outlet-extension-sockets-ms-4x2pe-4-switches-illuminated-bs-plug-3m-698544\/","og_site_name":"C\u00f4ng Ngh\u1ec7 NTM","article_publisher":"https:\/\/www.facebook.com\/195.congnghentm\/","article_modified_time":"2025-04-12T03:50:56+00:00","og_image":[{"width":600,"height":600,"url":"https:\/\/congnghentm.com\/wp-content\/uploads\/2025\/03\/LG-698544-WEB-L.webp","type":"image\/webp"}],"twitter_card":"summary_large_image","twitter_misc":{"Est. reading time":"3 minutes"},"schema":{"@context":"https:\/\/schema.org","@graph":[{"@type":"WebPage","@id":"https:\/\/congnghentm.com\/multi-outlet-extension-sockets-ms-4x2pe-4-switches-illuminated-bs-plug-3m-698544\/","url":"https:\/\/congnghentm.com\/multi-outlet-extension-sockets-ms-4x2pe-4-switches-illuminated-bs-plug-3m-698544\/","name":"Multi-Outlet Extension Sockets MS 4X2P+E + 4 switches Illuminated BS plug + 3M | 698544 - C\u00f4ng Ngh\u1ec7 NTM","isPartOf":{"@id":"https:\/\/congnghentm.com\/en\/#website"},"primaryImageOfPage":{"@id":"https:\/\/congnghentm.com\/multi-outlet-extension-sockets-ms-4x2pe-4-switches-illuminated-bs-plug-3m-698544\/#primaryimage"},"image":{"@id":"https:\/\/congnghentm.com\/multi-outlet-extension-sockets-ms-4x2pe-4-switches-illuminated-bs-plug-3m-698544\/#primaryimage"},"thumbnailUrl":"https:\/\/congnghentm.com\/wp-content\/uploads\/2025\/03\/LG-698544-WEB-L.webp","datePublished":"2025-03-11T10:06:04+00:00","dateModified":"2025-04-12T03:50:56+00:00","description":"Multi-Outlet Extension Sockets BS 4X2P+E + 1 DP + 3M - 698524. S\u1ea3n ph\u1ea9m ch\u00ednh h\u00e3ng ph\u00e2n ph\u1ed1i b\u1edfi Gi\u1ea3i Ph\u00e1p C\u00f4ng Ngh\u1ec7 NTM v\u1edbi th\u01b0\u01a1ng hi\u1ec7u Legrand.","breadcrumb":{"@id":"https:\/\/congnghentm.com\/multi-outlet-extension-sockets-ms-4x2pe-4-switches-illuminated-bs-plug-3m-698544\/#breadcrumb"},"inLanguage":"en-US","potentialAction":[{"@type":"ReadAction","target":["https:\/\/congnghentm.com\/multi-outlet-extension-sockets-ms-4x2pe-4-switches-illuminated-bs-plug-3m-698544\/"]}]},{"@type":"ImageObject","inLanguage":"en-US","@id":"https:\/\/congnghentm.com\/multi-outlet-extension-sockets-ms-4x2pe-4-switches-illuminated-bs-plug-3m-698544\/#primaryimage","url":"https:\/\/congnghentm.com\/wp-content\/uploads\/2025\/03\/LG-698544-WEB-L.webp","contentUrl":"https:\/\/congnghentm.com\/wp-content\/uploads\/2025\/03\/LG-698544-WEB-L.webp","width":600,"height":600,"caption":"Multi-Outlet Extension Sockets MS 4X2P+E + 4 switches Illuminated BS plug + 3M - 698544"},{"@type":"BreadcrumbList","@id":"https:\/\/congnghentm.com\/multi-outlet-extension-sockets-ms-4x2pe-4-switches-illuminated-bs-plug-3m-698544\/#breadcrumb","itemListElement":[{"@type":"ListItem","position":1,"name":"Trang ch\u1ee7","item":"https:\/\/congnghentm.com\/en\/"},{"@type":"ListItem","position":2,"name":"S\u1ea3n ph\u1ea9m","item":"https:\/\/congnghentm.com\/san-pham\/"},{"@type":"ListItem","position":3,"name":"Multi-Outlet Extension Sockets MS 4X2P+E + 4 switches Illuminated BS plug + 3M | 698544"}]},{"@type":"WebSite","@id":"https:\/\/congnghentm.com\/en\/#website","url":"https:\/\/congnghentm.com\/en\/","name":"C\u00f4ng Ngh\u1ec7 NTM","description":"Nh\u1eadp Kh\u1ea9u Thi\u1ebft B\u1ecb C\u01a1 \u0110i\u1ec7n","potentialAction":[{"@type":"SearchAction","target":{"@type":"EntryPoint","urlTemplate":"https:\/\/congnghentm.com\/en\/?s={search_term_string}"},"query-input":{"@type":"PropertyValueSpecification","valueRequired":true,"valueName":"search_term_string"}}],"inLanguage":"en-US"}]}},"_links":{"self":[{"href":"https:\/\/congnghentm.com\/en\/wp-json\/wp\/v2\/product\/15341","targetHints":{"allow":["GET"]}}],"collection":[{"href":"https:\/\/congnghentm.com\/en\/wp-json\/wp\/v2\/product"}],"about":[{"href":"https:\/\/congnghentm.com\/en\/wp-json\/wp\/v2\/types\/product"}],"wp:featuredmedia":[{"embeddable":true,"href":"https:\/\/congnghentm.com\/en\/wp-json\/wp\/v2\/media\/15344"}],"wp:attachment":[{"href":"https:\/\/congnghentm.com\/en\/wp-json\/wp\/v2\/media?parent=15341"}],"wp:term":[{"taxonomy":"product_brand","embeddable":true,"href":"https:\/\/congnghentm.com\/en\/wp-json\/wp\/v2\/product_brand?post=15341"},{"taxonomy":"product_cat","embeddable":true,"href":"https:\/\/congnghentm.com\/en\/wp-json\/wp\/v2\/product_cat?post=15341"},{"taxonomy":"product_tag","embeddable":true,"href":"https:\/\/congnghentm.com\/en\/wp-json\/wp\/v2\/product_tag?post=15341"}],"curies":[{"name":"wp","href":"https:\/\/api.w.org\/{rel}","templated":true}]}}